{"id":4060,"date":"2022-09-26T16:43:16","date_gmt":"2022-09-26T14:43:16","guid":{"rendered":"https:\/\/almarinavillas.com\/vie-privee\/"},"modified":"2025-04-23T13:05:33","modified_gmt":"2025-04-23T11:05:33","slug":"vie-privee","status":"publish","type":"page","link":"https:\/\/almarinavillas.com\/fr\/vie-privee\/","title":{"rendered":"Vie priv\u00e9e"},"content":{"rendered":"<p>[et_pb_section fb_built=&#8221;1&#8243; fullwidth=&#8221;on&#8221; _builder_version=&#8221;4.18.0&#8243; _module_preset=&#8221;default&#8221; global_colors_info=&#8221;{}&#8221; theme_builder_area=&#8221;post_content&#8221;][et_pb_fullwidth_header title=&#8221;Politique de confidentialit\u00e9&#8221; text_orientation=&#8221;center&#8221; _builder_version=&#8221;4.18.0&#8243; _module_preset=&#8221;default&#8221; title_font=&#8221;|700|||||||&#8221; title_font_size=&#8221;45px&#8221; background_color=&#8221;#f7f7f7&#8243; background_enable_image=&#8221;off&#8221; background_layout=&#8221;light&#8221; custom_padding=&#8221;70px||0px||false|false&#8221; custom_padding_tablet=&#8221;75px||75px||true|false&#8221; custom_padding_phone=&#8221;50px||50px||true|true&#8221; custom_padding_last_edited=&#8221;on|phone&#8221; title_font_size_tablet=&#8221;50px&#8221; title_font_size_phone=&#8221;35px&#8221; title_font_size_last_edited=&#8221;on|tablet&#8221; subhead_font_size_tablet=&#8221;16px&#8221; subhead_font_size_phone=&#8221;16px&#8221; subhead_font_size_last_edited=&#8221;on|desktop&#8221; global_colors_info=&#8221;{}&#8221; header_font_size_tablet=&#8221;50px&#8221; header_font_size_phone=&#8221;35px&#8221; header_font_size_last_edited=&#8221;on|phone&#8221; theme_builder_area=&#8221;post_content&#8221;][\/et_pb_fullwidth_header][\/et_pb_section][et_pb_section fb_built=&#8221;1&#8243; custom_padding_last_edited=&#8221;on|phone&#8221; _builder_version=&#8221;4.18.0&#8243; _module_preset=&#8221;default&#8221; background_color=&#8221;#f7f7f7&#8243; use_background_color_gradient=&#8221;on&#8221; background_color_gradient_direction=&#8221;360deg&#8221; background_color_gradient_stops=&#8221;#ffffff 0%|#f7f7f7 100%&#8221; custom_padding=&#8221;40px||||false|false&#8221; custom_padding_tablet=&#8221;0px||||false|false&#8221; custom_padding_phone=&#8221;0px||||false|false&#8221; global_colors_info=&#8221;{}&#8221; theme_builder_area=&#8221;post_content&#8221;][et_pb_row _builder_version=&#8221;4.18.0&#8243; _module_preset=&#8221;default&#8221; width=&#8221;50%&#8221; width_tablet=&#8221;80%&#8221; width_phone=&#8221;80%&#8221; width_last_edited=&#8221;on|phone&#8221; custom_padding=&#8221;0px||0px||false|false&#8221; global_colors_info=&#8221;{}&#8221; theme_builder_area=&#8221;post_content&#8221;][et_pb_column type=&#8221;4_4&#8243; _builder_version=&#8221;4.18.0&#8243; _module_preset=&#8221;default&#8221; global_colors_info=&#8221;{}&#8221; theme_builder_area=&#8221;post_content&#8221;][et_pb_text _builder_version=&#8221;4.27.0&#8243; _module_preset=&#8221;default&#8221; global_colors_info=&#8221;{}&#8221; theme_builder_area=&#8221;post_content&#8221;]<\/p>\n<p>Chez ALMARINA, nous comprenons que votre vie priv\u00e9e est importante pour vous et que vous vous souciez de la mani\u00e8re dont vos informations sont utilis\u00e9es et partag\u00e9es en ligne. Nous respectons et valorisons la vie priv\u00e9e de tous ceux qui visitent notre site web et nous ne collectons et n&#8217;utilisons les informations que de mani\u00e8re utile pour vous et conform\u00e9ment \u00e0 vos droits et \u00e0 nos obligations en vertu de la loi, y compris le R\u00e8glement g\u00e9n\u00e9ral sur la protection des donn\u00e9es (RGPD). <\/p>\n<p>Cette politique de confidentialit\u00e9 vous aidera \u00e0 comprendre comment nous traitons toutes les donn\u00e9es que nous collectons en relation avec votre utilisation de notre site web et quels sont les choix qui s&#8217;offrent \u00e0 vous.<\/p>\n<p><strong>Quelles sont les informations que nous recueillons ?<\/strong><\/p>\n<p>Nous recueillons des informations vous concernant lorsque vous vous inscrivez sur notre site, lorsque vous remplissez un formulaire sur notre site web ou lorsque vous passez commande de nos produits ou services. Nous recueillons \u00e9galement des informations lorsque vous r\u00e9pondez volontairement \u00e0 des enqu\u00eates aupr\u00e8s des clients, lorsque vous nous faites part de vos commentaires, lorsque vous participez \u00e0 des concours, lorsque vous nous envoyez un courrier \u00e9lectronique ou lorsque vous nous contactez par t\u00e9l\u00e9phone. Les informations relatives \u00e0 l&#8217;utilisation du site web sont collect\u00e9es \u00e0 l&#8217;aide de cookies.  <\/p>\n<p><strong>\u00c0 quoi serviront les informations vous concernant ?<\/strong><\/p>\n<p>Nous recueillons des informations sur vous pour traiter votre commande, g\u00e9rer votre compte et, si vous \u00eates d&#8217;accord, pour vous envoyer par courrier \u00e9lectronique des informations sur d&#8217;autres produits et services susceptibles de vous int\u00e9resser.<\/p>\n<p>Nous utilisons les informations recueillies sur notre site web pour personnaliser vos visites r\u00e9p\u00e9t\u00e9es sur notre site. Nous ne partagerons pas vos informations \u00e0 des fins de marketing avec des soci\u00e9t\u00e9s ext\u00e9rieures \u00e0 notre organisation. <\/p>\n<p><strong>Marketing<\/strong><\/p>\n<p>Nous aimerions vous envoyer des informations sur nos produits et services, ainsi que des d\u00e9tails sur les promotions qui, selon nous, pourraient vous int\u00e9resser. Si vous avez consenti \u00e0 recevoir des informations marketing, vous pouvez vous d\u00e9sabonner \u00e0 tout moment. <\/p>\n<p>Vous avez le droit, \u00e0 tout moment, de nous emp\u00eacher de vous contacter \u00e0 des fins de marketing. Si vous ne souhaitez plus \u00eatre contact\u00e9 \u00e0 des fins de marketing, veuillez envoyer un courriel \u00e0 marketing@almarina.es. Vous pouvez \u00e9galement vous d\u00e9sabonner de toute communication par courrier \u00e9lectronique en cliquant sur le lien de d\u00e9sabonnement figurant en bas de page de tout courrier \u00e9lectronique de marketing que vous recevez de notre part.  <\/p>\n<p><strong>Acc\u00e8s \u00e0 vos informations et correction<\/strong><\/p>\n<p>Vous avez le droit de demander une copie des informations que nous d\u00e9tenons \u00e0 votre sujet. Si vous souhaitez obtenir une copie d&#8217;une partie ou de la totalit\u00e9 de vos informations personnelles, veuillez nous envoyer un courriel \u00e0 l&#8217;adresse suivante : marketing@almarina.es. <\/p>\n<p>Nous voulons nous assurer que vos informations personnelles sont exactes et \u00e0 jour. Vous pouvez nous demander de corriger ou de supprimer des informations que vous jugez inexactes. <\/p>\n<p><strong>Divulgation pour des raisons juridiques et r\u00e9glementaires<\/strong><\/p>\n<p>Nous nous r\u00e9servons le droit de communiquer les informations personnelles que nous d\u00e9tenons \u00e0 des tiers qui en demandent la divulgation, si la loi ou une autorit\u00e9 de r\u00e9gulation nous en fait la demande.<\/p>\n<p><strong>Cookies<\/strong><\/p>\n<p>Les cookies sont des fichiers texte plac\u00e9s sur votre ordinateur pour collecter des informations Internet standard et des informations sur le comportement des visiteurs. Ces informations sont utilis\u00e9es pour suivre l&#8217;utilisation du site web par les visiteurs et pour compiler des rapports statistiques sur l&#8217;activit\u00e9 du site web. Elles peuvent \u00e9galement \u00eatre utilis\u00e9es pour diffuser des publicit\u00e9s de re-marketing sur nos produits et services.  <\/p>\n<p>Vous pouvez configurer votre navigateur pour qu&#8217;il n&#8217;accepte pas les cookies et vous pouvez \u00e9galement supprimer les cookies de votre navigateur. Toutefois, dans ce cas, certaines fonctionnalit\u00e9s de notre site web risquent de ne pas fonctionner. <\/p>\n<p>Vous pouvez obtenir plus d&#8217;informations sur les cookies et sur la mani\u00e8re de les supprimer en visitant le site allaboutcookies.org.<\/p>\n<p><strong>Clause de non-responsabilit\u00e9<\/strong><\/p>\n<p>Bien que nous fassions tous les efforts raisonnables pour nous assurer que les informations publi\u00e9es sur ce site web sont exactes, \u00e0 jour et compl\u00e8tes \u00e0 la date de publication, aucune repr\u00e9sentation ou garantie n&#8217;est donn\u00e9e (explicitement ou implicitement) quant \u00e0 l&#8217;exactitude, l&#8217;actualit\u00e9 ou l&#8217;exhaustivit\u00e9 de ces informations. Nous ne pouvons accepter aucune responsabilit\u00e9 (dans la mesure permise par la loi) pour toute perte d\u00e9coulant directement ou indirectement de l&#8217;utilisation de toute information apparaissant sur ce site web ou sur tout autre site web auquel il peut \u00eatre li\u00e9, ou de toute action entreprise sur la base de cette information. Nous ne garantissons pas que ce site soit exempt d&#8217;erreurs, de d\u00e9fauts ou de virus. Nous nous r\u00e9servons le droit de changer, de modifier, d&#8217;ajouter ou de supprimer des dispositions de la pr\u00e9sente politique de confidentialit\u00e9. Toute modification sera indiqu\u00e9e ici et nous vous recommandons de v\u00e9rifier cette politique de temps \u00e0 autre.    <\/p>\n<p><strong>Droit applicable<\/strong><\/p>\n<p>Tout litige d\u00e9coulant de l&#8217;utilisation de ce site web sera toujours r\u00e9gi par les lois espagnoles et les parties se soumettront \u00e0 la juridiction exclusive des tribunaux d&#8217;Alicante.<\/p>\n<p><strong>Modifications de notre politique de confidentialit\u00e9<\/strong><\/p>\n<p>Nous r\u00e9examinerons r\u00e9guli\u00e8rement notre politique de confidentialit\u00e9 et publierons toute mise \u00e0 jour sur cette page web. Cette politique de confidentialit\u00e9 a \u00e9t\u00e9 mise \u00e0 jour pour la derni\u00e8re fois le 19 octobre 2021. <\/p>\n<p>[\/et_pb_text][\/et_pb_column][\/et_pb_row][\/et_pb_section]<\/p>\n","protected":false},"excerpt":{"rendered":"<p>Chez ALMARINA, nous comprenons que votre vie priv\u00e9e est importante pour vous et que vous vous souciez de la mani\u00e8re dont vos informations sont utilis\u00e9es et partag\u00e9es en ligne. Nous respectons et valorisons la vie priv\u00e9e de tous ceux qui visitent notre site web et nous ne collectons et n&#8217;utilisons les informations que de mani\u00e8re [&hellip;]<\/p>\n","protected":false},"author":1,"featured_media":0,"parent":0,"menu_order":17,"comment_status":"closed","ping_status":"closed","template":"","meta":{"_et_pb_use_builder":"on","_et_pb_old_content":"","_et_gb_content_width":"","inline_featured_image":false,"footnotes":""},"class_list":["post-4060","page","type-page","status-publish","hentry"],"yoast_head":"<!-- This site is optimized with the Yoast SEO Premium plugin v24.1 (Yoast SEO v26.6) - https:\/\/yoast.com\/wordpress\/plugins\/seo\/ -->\n<title>Vie priv\u00e9e - ALMARINA VILLAS<\/title>\n<meta name=\"robots\" content=\"index, follow, max-snippet:-1, max-image-preview:large, max-video-preview:-1\" \/>\n<link rel=\"canonical\" href=\"https:\/\/almarinavillas.com\/fr\/vie-privee\/\" \/>\n<meta property=\"og:locale\" content=\"fr_FR\" \/>\n<meta property=\"og:type\" content=\"article\" \/>\n<meta property=\"og:title\" content=\"Vie priv\u00e9e\" \/>\n<meta property=\"og:description\" content=\"Chez ALMARINA, nous comprenons que votre vie priv\u00e9e est importante pour vous et que vous vous souciez de la mani\u00e8re dont vos informations sont utilis\u00e9es et partag\u00e9es en ligne. Nous respectons et valorisons la vie priv\u00e9e de tous ceux qui visitent notre site web et nous ne collectons et n&#039;utilisons les informations que de mani\u00e8re [&hellip;]\" \/>\n<meta property=\"og:url\" content=\"https:\/\/almarinavillas.com\/fr\/vie-privee\/\" \/>\n<meta property=\"og:site_name\" content=\"ALMARINA VILLAS\" \/>\n<meta property=\"article:modified_time\" content=\"2025-04-23T11:05:33+00:00\" \/>\n<meta name=\"twitter:card\" content=\"summary_large_image\" \/>\n<meta name=\"twitter:label1\" content=\"Dur\u00e9e de lecture estim\u00e9e\" \/>\n\t<meta name=\"twitter:data1\" content=\"6 minutes\" \/>\n<script type=\"application\/ld+json\" class=\"yoast-schema-graph\">{\"@context\":\"https:\/\/schema.org\",\"@graph\":[{\"@type\":\"WebPage\",\"@id\":\"https:\/\/almarinavillas.com\/fr\/vie-privee\/\",\"url\":\"https:\/\/almarinavillas.com\/fr\/vie-privee\/\",\"name\":\"Vie priv\u00e9e - ALMARINA VILLAS\",\"isPartOf\":{\"@id\":\"https:\/\/almarinavillas.com\/fr\/#website\"},\"datePublished\":\"2022-09-26T14:43:16+00:00\",\"dateModified\":\"2025-04-23T11:05:33+00:00\",\"breadcrumb\":{\"@id\":\"https:\/\/almarinavillas.com\/fr\/vie-privee\/#breadcrumb\"},\"inLanguage\":\"fr-FR\",\"potentialAction\":[{\"@type\":\"ReadAction\",\"target\":[\"https:\/\/almarinavillas.com\/fr\/vie-privee\/\"]}]},{\"@type\":\"BreadcrumbList\",\"@id\":\"https:\/\/almarinavillas.com\/fr\/vie-privee\/#breadcrumb\",\"itemListElement\":[{\"@type\":\"ListItem\",\"position\":1,\"name\":\"Home\",\"item\":\"https:\/\/almarinavillas.com\/fr\/\"},{\"@type\":\"ListItem\",\"position\":2,\"name\":\"Vie priv\u00e9e\"}]},{\"@type\":\"WebSite\",\"@id\":\"https:\/\/almarinavillas.com\/fr\/#website\",\"url\":\"https:\/\/almarinavillas.com\/fr\/\",\"name\":\"Riviera Theme\",\"description\":\"A unique luxury villa rental experience\",\"publisher\":{\"@id\":\"https:\/\/almarinavillas.com\/fr\/#organization\"},\"potentialAction\":[{\"@type\":\"SearchAction\",\"target\":{\"@type\":\"EntryPoint\",\"urlTemplate\":\"https:\/\/almarinavillas.com\/fr\/?s={search_term_string}\"},\"query-input\":{\"@type\":\"PropertyValueSpecification\",\"valueRequired\":true,\"valueName\":\"search_term_string\"}}],\"inLanguage\":\"fr-FR\"},{\"@type\":\"Organization\",\"@id\":\"https:\/\/almarinavillas.com\/fr\/#organization\",\"name\":\"LujoVillas\",\"url\":\"https:\/\/almarinavillas.com\/fr\/\",\"logo\":{\"@type\":\"ImageObject\",\"inLanguage\":\"fr-FR\",\"@id\":\"https:\/\/almarinavillas.com\/fr\/#\/schema\/logo\/image\/\",\"url\":\"https:\/\/demo1.riviera.365villas.com\/wp-content\/uploads\/sites\/21\/2022\/09\/lujo-logo-black.svg\",\"contentUrl\":\"https:\/\/demo1.riviera.365villas.com\/wp-content\/uploads\/sites\/21\/2022\/09\/lujo-logo-black.svg\",\"width\":\"1024\",\"height\":\"1024\",\"caption\":\"LujoVillas\"},\"image\":{\"@id\":\"https:\/\/almarinavillas.com\/fr\/#\/schema\/logo\/image\/\"}}]}<\/script>\n<!-- \/ Yoast SEO Premium plugin. -->","yoast_head_json":{"title":"Vie priv\u00e9e - ALMARINA VILLAS","robots":{"index":"index","follow":"follow","max-snippet":"max-snippet:-1","max-image-preview":"max-image-preview:large","max-video-preview":"max-video-preview:-1"},"canonical":"https:\/\/almarinavillas.com\/fr\/vie-privee\/","og_locale":"fr_FR","og_type":"article","og_title":"Vie priv\u00e9e","og_description":"Chez ALMARINA, nous comprenons que votre vie priv\u00e9e est importante pour vous et que vous vous souciez de la mani\u00e8re dont vos informations sont utilis\u00e9es et partag\u00e9es en ligne. Nous respectons et valorisons la vie priv\u00e9e de tous ceux qui visitent notre site web et nous ne collectons et n'utilisons les informations que de mani\u00e8re [&hellip;]","og_url":"https:\/\/almarinavillas.com\/fr\/vie-privee\/","og_site_name":"ALMARINA VILLAS","article_modified_time":"2025-04-23T11:05:33+00:00","twitter_card":"summary_large_image","twitter_misc":{"Dur\u00e9e de lecture estim\u00e9e":"6 minutes"},"schema":{"@context":"https:\/\/schema.org","@graph":[{"@type":"WebPage","@id":"https:\/\/almarinavillas.com\/fr\/vie-privee\/","url":"https:\/\/almarinavillas.com\/fr\/vie-privee\/","name":"Vie priv\u00e9e - ALMARINA VILLAS","isPartOf":{"@id":"https:\/\/almarinavillas.com\/fr\/#website"},"datePublished":"2022-09-26T14:43:16+00:00","dateModified":"2025-04-23T11:05:33+00:00","breadcrumb":{"@id":"https:\/\/almarinavillas.com\/fr\/vie-privee\/#breadcrumb"},"inLanguage":"fr-FR","potentialAction":[{"@type":"ReadAction","target":["https:\/\/almarinavillas.com\/fr\/vie-privee\/"]}]},{"@type":"BreadcrumbList","@id":"https:\/\/almarinavillas.com\/fr\/vie-privee\/#breadcrumb","itemListElement":[{"@type":"ListItem","position":1,"name":"Home","item":"https:\/\/almarinavillas.com\/fr\/"},{"@type":"ListItem","position":2,"name":"Vie priv\u00e9e"}]},{"@type":"WebSite","@id":"https:\/\/almarinavillas.com\/fr\/#website","url":"https:\/\/almarinavillas.com\/fr\/","name":"Riviera Theme","description":"A unique luxury villa rental experience","publisher":{"@id":"https:\/\/almarinavillas.com\/fr\/#organization"},"potentialAction":[{"@type":"SearchAction","target":{"@type":"EntryPoint","urlTemplate":"https:\/\/almarinavillas.com\/fr\/?s={search_term_string}"},"query-input":{"@type":"PropertyValueSpecification","valueRequired":true,"valueName":"search_term_string"}}],"inLanguage":"fr-FR"},{"@type":"Organization","@id":"https:\/\/almarinavillas.com\/fr\/#organization","name":"LujoVillas","url":"https:\/\/almarinavillas.com\/fr\/","logo":{"@type":"ImageObject","inLanguage":"fr-FR","@id":"https:\/\/almarinavillas.com\/fr\/#\/schema\/logo\/image\/","url":"https:\/\/demo1.riviera.365villas.com\/wp-content\/uploads\/sites\/21\/2022\/09\/lujo-logo-black.svg","contentUrl":"https:\/\/demo1.riviera.365villas.com\/wp-content\/uploads\/sites\/21\/2022\/09\/lujo-logo-black.svg","width":"1024","height":"1024","caption":"LujoVillas"},"image":{"@id":"https:\/\/almarinavillas.com\/fr\/#\/schema\/logo\/image\/"}}]}},"_links":{"self":[{"href":"https:\/\/almarinavillas.com\/fr\/wp-json\/wp\/v2\/pages\/4060","targetHints":{"allow":["GET"]}}],"collection":[{"href":"https:\/\/almarinavillas.com\/fr\/wp-json\/wp\/v2\/pages"}],"about":[{"href":"https:\/\/almarinavillas.com\/fr\/wp-json\/wp\/v2\/types\/page"}],"author":[{"embeddable":true,"href":"https:\/\/almarinavillas.com\/fr\/wp-json\/wp\/v2\/users\/1"}],"replies":[{"embeddable":true,"href":"https:\/\/almarinavillas.com\/fr\/wp-json\/wp\/v2\/comments?post=4060"}],"version-history":[{"count":6,"href":"https:\/\/almarinavillas.com\/fr\/wp-json\/wp\/v2\/pages\/4060\/revisions"}],"predecessor-version":[{"id":4125,"href":"https:\/\/almarinavillas.com\/fr\/wp-json\/wp\/v2\/pages\/4060\/revisions\/4125"}],"wp:attachment":[{"href":"https:\/\/almarinavillas.com\/fr\/wp-json\/wp\/v2\/media?parent=4060"}],"curies":[{"name":"wp","href":"https:\/\/api.w.org\/{rel}","templated":true}]}}